{"id":2835,"date":"2025-03-20T01:47:36","date_gmt":"2025-03-20T01:47:36","guid":{"rendered":"https:\/\/mandula-apartman.hu\/?page_id=2835"},"modified":"2025-03-20T01:59:10","modified_gmt":"2025-03-20T01:59:10","slug":"house-rules","status":"publish","type":"page","link":"https:\/\/mandula-apartman.hu\/hu\/house-rules\/","title":{"rendered":"H\u00e1zirend"},"content":{"rendered":"<div data-elementor-type=\"wp-page\" data-elementor-id=\"2835\" class=\"elementor elementor-2835\" data-elementor-post-type=\"page\">\n\t\t\t\t<div class=\"elementor-element elementor-element-0325d28 e-flex e-con-boxed e-con e-parent\" data-id=\"0325d28\" data-element_type=\"container\" data-e-type=\"container\" data-settings=\"{&quot;background_background&quot;:&quot;classic&quot;}\">\n\t\t\t\t\t<div class=\"e-con-inner\">\n\t\t\t\t<div class=\"elementor-element elementor-element-35230d7 elementor-widget elementor-widget-html\" data-id=\"35230d7\" data-element_type=\"widget\" data-e-type=\"widget\" data-widget_type=\"html.default\">\n\t\t\t\t<div class=\"elementor-widget-container\">\n\t\t\t\t\t<script src=\"https:\/\/code.jquery.com\/jquery-3.6.0.min.js\"><\/script>\r\n\r\n<script>\r\n    $(document).ready(function() {\r\n  $(\"#button1\").click(function() {\r\n    $(\"#text1\").show();\r\n    $(\"#text2\").hide();\r\n  });\r\n  $(\"#button2\").click(function() {\r\n    $(\"#text1\").hide();\r\n    $(\"#text2\").show();\r\n  });\r\n\r\n\r\n});\r\n\r\njQuery(document).ready(function($) {\r\n  $('.hidden-text').hide();\r\n  $('button').click(function() {\r\n    $('#hidden-text-container .hidden-text').show();\r\n  });\r\n});\r\n\r\n\r\n\r\n<\/script>\t\t\t\t<\/div>\n\t\t\t\t<\/div>\n\t\t\t\t<div class=\"elementor-element elementor-element-7e8960c elementor-nav-menu__align-left elementor-nav-menu--dropdown-none elementor-widget-tablet__width-initial elementor-widget elementor-widget-nav-menu\" data-id=\"7e8960c\" data-element_type=\"widget\" data-e-type=\"widget\" data-settings=\"{&quot;submenu_icon&quot;:{&quot;value&quot;:&quot;&lt;svg class=\\&quot;fa-svg-chevron-down e-font-icon-svg e-fas-chevron-down\\&quot; viewBox=\\&quot;0 0 448 512\\&quot; xmlns=\\&quot;http:\\\/\\\/www.w3.org\\\/2000\\\/svg\\&quot;&gt;&lt;path d=\\&quot;M207.029 381.476L12.686 187.132c-9.373-9.373-9.373-24.569 0-33.941l22.667-22.667c9.357-9.357 24.522-9.375 33.901-.04L224 284.505l154.745-154.021c9.379-9.335 24.544-9.317 33.901.04l22.667 22.667c9.373 9.373 9.373 24.569 0 33.941L240.971 381.476c-9.373 9.372-24.569 9.372-33.942 0z\\&quot;&gt;&lt;\\\/path&gt;&lt;\\\/svg&gt;&quot;,&quot;library&quot;:&quot;fa-solid&quot;},&quot;layout&quot;:&quot;vertical&quot;}\" data-widget_type=\"nav-menu.default\">\n\t\t\t\t<div class=\"elementor-widget-container\">\n\t\t\t\t\t\t\t\t<nav class=\"elementor-nav-menu--main elementor-nav-menu__container elementor-nav-menu--layout-vertical e--pointer-none\">\n\t\t\t\t<ul id=\"menu-1-7e8960c\" class=\"elementor-nav-menu sm-vertical\"><li class=\"menu-item menu-item-type-post_type menu-item-object-page menu-item-2837\"><a href=\"https:\/\/mandula-apartman.hu\/hu\/house-rules\/\" class=\"elementor-item menu-link\">H\u00e1zirend<\/a><\/li>\n<li class=\"menu-item menu-item-type-post_type menu-item-object-page menu-item-2346\"><a href=\"https:\/\/mandula-apartman.hu\/hu\/terms-of-service\/\" class=\"elementor-item menu-link\">\u00c1ltal\u00e1nos Szerz\u0151d\u00e9si Felt\u00e9telek<\/a><\/li>\n<li class=\"menu-item menu-item-type-post_type menu-item-object-page menu-item-2838\"><a href=\"https:\/\/mandula-apartman.hu\/hu\/privacy-notice\/\" class=\"elementor-item menu-link\">Adatkezel\u00e9si T\u00e1j\u00e9koztat\u00f3<\/a><\/li>\n<\/ul>\t\t\t<\/nav>\n\t\t\t\t\t\t<nav class=\"elementor-nav-menu--dropdown elementor-nav-menu__container\" aria-hidden=\"true\">\n\t\t\t\t<ul id=\"menu-2-7e8960c\" class=\"elementor-nav-menu sm-vertical\"><li class=\"menu-item menu-item-type-post_type menu-item-object-page menu-item-2837\"><a href=\"https:\/\/mandula-apartman.hu\/hu\/house-rules\/\" class=\"elementor-item menu-link\" tabindex=\"-1\">H\u00e1zirend<\/a><\/li>\n<li class=\"menu-item menu-item-type-post_type menu-item-object-page menu-item-2346\"><a href=\"https:\/\/mandula-apartman.hu\/hu\/terms-of-service\/\" class=\"elementor-item menu-link\" tabindex=\"-1\">\u00c1ltal\u00e1nos Szerz\u0151d\u00e9si Felt\u00e9telek<\/a><\/li>\n<li class=\"menu-item menu-item-type-post_type menu-item-object-page menu-item-2838\"><a href=\"https:\/\/mandula-apartman.hu\/hu\/privacy-notice\/\" class=\"elementor-item menu-link\" tabindex=\"-1\">Adatkezel\u00e9si T\u00e1j\u00e9koztat\u00f3<\/a><\/li>\n<\/ul>\t\t\t<\/nav>\n\t\t\t\t\t\t<\/div>\n\t\t\t\t<\/div>\n\t\t\t\t<div class=\"elementor-element elementor-element-190f797 elementor-widget elementor-widget-heading\" data-id=\"190f797\" data-element_type=\"widget\" data-e-type=\"widget\" data-widget_type=\"heading.default\">\n\t\t\t\t<div class=\"elementor-widget-container\">\n\t\t\t\t\t<h2 class=\"elementor-heading-title elementor-size-default\">V\u00e1lasszon nyelvet!<\/h2>\t\t\t\t<\/div>\n\t\t\t\t<\/div>\n\t\t<div class=\"elementor-element elementor-element-593e3cc e-con-full animated-fast e-flex elementor-invisible e-con e-child\" data-id=\"593e3cc\" data-element_type=\"container\" data-e-type=\"container\" data-settings=\"{&quot;sticky&quot;:&quot;top&quot;,&quot;sticky_on&quot;:[&quot;tablet&quot;,&quot;mobile&quot;],&quot;animation&quot;:&quot;fadeInDown&quot;,&quot;animation_mobile&quot;:&quot;fadeIn&quot;,&quot;sticky_offset&quot;:0,&quot;sticky_effects_offset&quot;:0}\">\n\t\t\t\t<div class=\"elementor-element elementor-element-9b8bf41 elementor-align-center elementor-widget__width-initial elementor-invisible elementor-widget elementor-widget-button\" data-id=\"9b8bf41\" data-element_type=\"widget\" data-e-type=\"widget\" id=\"button1\" data-settings=\"{&quot;sticky&quot;:&quot;top&quot;,&quot;sticky_on&quot;:[&quot;tablet&quot;,&quot;mobile&quot;],&quot;sticky_offset_mobile&quot;:7,&quot;sticky_effects_offset_mobile&quot;:0,&quot;_animation&quot;:&quot;fadeInDown&quot;,&quot;sticky_offset&quot;:0,&quot;sticky_effects_offset&quot;:0}\" data-widget_type=\"button.default\">\n\t\t\t\t<div class=\"elementor-widget-container\">\n\t\t\t\t\t\t\t\t\t<div class=\"elementor-button-wrapper\">\n\t\t\t\t\t<a class=\"elementor-button elementor-size-sm\" role=\"button\">\n\t\t\t\t\t\t<span class=\"elementor-button-content-wrapper\">\n\t\t\t\t\t\t\t\t\t<span class=\"elementor-button-text\">ENG<\/span>\n\t\t\t\t\t<\/span>\n\t\t\t\t\t<\/a>\n\t\t\t\t<\/div>\n\t\t\t\t\t\t\t\t<\/div>\n\t\t\t\t<\/div>\n\t\t\t\t<div class=\"elementor-element elementor-element-089a138 elementor-align-center elementor-widget__width-initial elementor-invisible elementor-widget elementor-widget-button\" data-id=\"089a138\" data-element_type=\"widget\" data-e-type=\"widget\" id=\"button2\" data-settings=\"{&quot;sticky&quot;:&quot;top&quot;,&quot;sticky_on&quot;:[&quot;tablet&quot;,&quot;mobile&quot;],&quot;sticky_offset_mobile&quot;:7,&quot;sticky_effects_offset_mobile&quot;:0,&quot;_animation&quot;:&quot;fadeInDown&quot;,&quot;sticky_offset&quot;:0,&quot;sticky_effects_offset&quot;:0}\" data-widget_type=\"button.default\">\n\t\t\t\t<div class=\"elementor-widget-container\">\n\t\t\t\t\t\t\t\t\t<div class=\"elementor-button-wrapper\">\n\t\t\t\t\t<a class=\"elementor-button elementor-size-sm\" role=\"button\">\n\t\t\t\t\t\t<span class=\"elementor-button-content-wrapper\">\n\t\t\t\t\t\t\t\t\t<span class=\"elementor-button-text\">HU<\/span>\n\t\t\t\t\t<\/span>\n\t\t\t\t\t<\/a>\n\t\t\t\t<\/div>\n\t\t\t\t\t\t\t\t<\/div>\n\t\t\t\t<\/div>\n\t\t\t\t<\/div>\n\t\t\t\t<div class=\"elementor-element elementor-element-95c93fc hidden-text elementor-widget elementor-widget-text-editor\" data-id=\"95c93fc\" data-element_type=\"widget\" data-e-type=\"widget\" id=\"text1\" data-widget_type=\"text-editor.default\">\n\t\t\t\t<div class=\"elementor-widget-container\">\n\t\t\t\t\t\t\t\t\t<h1><font color=\"#ffffff\">H\u00e1zirend<\/font><\/h1>\n<ol>\n<li>\n<p><strong>Mandula Apartman P\u00e9cs \u2013 H\u00e1zirend<\/strong><\/p>\n<p>Kedves Vend\u00e9geink!<\/p>\n<p>Az apartman zavartalan haszn\u00e1lata \u00e9rdek\u00e9ben k\u00e9rj\u00fck, figyelmesen olvass\u00e1k el az al\u00e1bbi szab\u00e1lyokat.<\/p>\n<ol>\n<li><strong>Doh\u00e1nyz\u00e1s<\/strong><\/li>\n<\/ol>\n<ul>\n<li>Az \u00e9p\u00fcleten bel\u00fcl szigor\u00faan tilos a doh\u00e1nyz\u00e1s \u00e9s a ny\u00edlt l\u00e1ng haszn\u00e1lata.<\/li>\n<\/ul>\n<ol>\n<li><strong>Az apartman \u00e9s berendez\u00e9seinek haszn\u00e1lata<\/strong><\/li>\n<\/ol>\n<ul>\n<li>A berendez\u00e9si t\u00e1rgyakat rendeltet\u00e9sszer\u0171en haszn\u00e1lj\u00e1k!<\/li>\n<li>Tilos a szob\u00e1k berendez\u00e9s\u00e9t (t\u00f6r\u00f6lk\u00f6z\u0151k, pl\u00e9dek, \u00e1gynem\u0171 stb.) az apartmanb\u00f3l kivinni.<\/li>\n<li>B\u00fatorokat \u00e1trendezni csak a tulajdonos enged\u00e9ly\u00e9vel lehet.<\/li>\n<li>Az okozott k\u00e1rokat a vend\u00e9gnek a helysz\u00ednen kell megt\u00e9r\u00edtenie, k\u00fcl\u00f6nben jogi l\u00e9p\u00e9seket vonhat maga ut\u00e1n.<\/li>\n<li>Gy\u00fal\u00e9kony vagy robban\u00e1svesz\u00e9lyes anyagok \u00e9s j\u00e1rm\u0171vek (ker\u00e9kp\u00e1rok, motorker\u00e9kp\u00e1rok stb.) nem t\u00e1rolhat\u00f3k a lak\u00e1sban.<\/li>\n<li>Az apartman elhagy\u00e1sakor k\u00e9rj\u00fck, ellen\u0151rizz\u00e9k:\nKl\u00edma \u00e9s villany kikapcsolva,\nV\u00edzcsapok elz\u00e1rva<\/li>\n<li>A vend\u00e9gek felel\u0151sek az\u00e9rt, hogy a kapu \u00e9s a gar\u00e1zsajt\u00f3 \u00e9jszaka \u00e9s az ingatlan elhagy\u00e1sakor biztons\u00e1gosan z\u00e1rva legyen.<\/li>\n<li>B\u00e1rmilyen meghib\u00e1sod\u00e1st k\u00e9rj\u00fck azonnal jelezni a sz\u00e1ll\u00e1sad\u00f3 fel\u00e9!<\/li>\n<li>Az elvesztett kulcsok, t\u00e1vir\u00e1ny\u00edt\u00f3k (TV, kl\u00edma, gar\u00e1zskapu) p\u00f3tl\u00e1si k\u00f6lts\u00e9g\u00e9t a vend\u00e9g k\u00f6teles megt\u00e9r\u00edteni.<\/li>\n<\/ul>\n<ol>\n<li><strong>\u00c9tkez\u00e9s<\/strong><\/li>\n<\/ol>\n<ul>\n<li>Az apartman j\u00f3l felszerelt konyh\u00e1val rendelkezik.<\/li>\n<li>\u00c9tkez\u00e9s csak a konyh\u00e1ban \u00e9s az \u00e9tkez\u0151ben enged\u00e9lyezett.<\/li>\n<li>A mikrohull\u00e1m\u00fa s\u00fct\u0151be ne tegyenek f\u00e9mtartalm\u00fa t\u00e1rgyakat.<\/li>\n<\/ul>\n<ol>\n<li><strong>Takar\u00edt\u00e1s<\/strong><\/li>\n<\/ol>\n<ul>\n<li>Az apartmant tiszt\u00e1n adjuk \u00e1t, probl\u00e9m\u00e1t azonnal jelezzenek.<\/li>\n<li>Tart\u00f3zkod\u00e1s alatt nincs napi takar\u00edt\u00e1s.<\/li>\n<li>T\u00e1voz\u00e1skor k\u00e9rj\u00fck, ne hagyjanak szemetet az apartmanban.<\/li>\n<li>Lefoly\u00f3kba tilos dobni: pelenka, eg\u00e9szs\u00e9g\u00fcgyi bet\u00e9t, nedves t\u00f6rl\u0151kend\u0151, \u00e9telmarad\u00e9k!<\/li>\n<li>Dugul\u00e1selh\u00e1r\u00edt\u00e1s \u00e9s jav\u00edt\u00e1s k\u00f6lts\u00e9ge a vend\u00e9get terheli.<\/li>\n<\/ul>\n<ol>\n<li><strong>T\u0171zrak\u00e1s, bogr\u00e1csoz\u00e1s, grillez\u00e9s<\/strong><\/li>\n<\/ol>\n<ul>\n<li><strong>T\u0171zrak\u00e1s tilos!<\/strong><\/li>\n<li>Grillez\u00e9s csak a kijel\u00f6lt helyen lehets\u00e9ges.<\/li>\n<\/ul>\n<ol>\n<li><strong>Szolg\u00e1ltat\u00e1sok<\/strong><\/li>\n<\/ol>\n<ul>\n<li><strong>Parkol\u00e1s<\/strong>: ingyenes a gar\u00e1zsban.<\/li>\n<li><strong>Wi-Fi:&nbsp;<\/strong>ingyenes, a jelsz\u00f3 az apartmanban tal\u00e1lhat\u00f3.<\/li>\n<li>Kl\u00edma: h\u0171t\u0151-f\u0171t\u0151 rendszer, a sz\u00e1ll\u00e1sd\u00edj tartalmazza.<\/li>\n<li><strong>H\u00e1zi\u00e1llat: behozatala nem enged\u00e9lyezett.<\/strong><\/li>\n<li>Elektromos j\u00e1rm\u0171vek: t\u00f6lt\u00e9s el\u0151zetes egyeztet\u00e9s alapj\u00e1n, k\u00fcl\u00f6n d\u00edj ellen\u00e9ben lehets\u00e9ges (gyorst\u00f6lt\u0151 nem el\u00e9rhet\u0151).<\/li>\n<\/ul>\n<ol>\n<li><strong>Tal\u00e1lt t\u00e1rgyak<\/strong><\/li>\n<\/ol>\n<ul>\n<li>A szob\u00e1ban hagyott \u00e9rt\u00e9keket 2 h\u00f3napig \u0151rizz\u00fck meg. Post\u00e1z\u00e1s csak a postak\u00f6lts\u00e9g megt\u00e9r\u00edt\u00e9se ut\u00e1n lehets\u00e9ges.<\/li>\n<\/ul>\n<ol>\n<li><strong>Csend \u00e9s szomsz\u00e9dok tisztelete<\/strong><\/li>\n<\/ol>\n<ul>\n<li><strong>22:00 \u00e9s 08:00 \u00f3ra k\u00f6z\u00f6tt tilos hangoskodni, hangosan zen\u00e9lni vagy rendezv\u00e9nyt tartani. Az apartman csendes, priv\u00e1t tart\u00f3zkod\u00e1sra szolg\u00e1l.<\/strong><\/li>\n<li><strong>Partik, rendezv\u00e9nyek nem enged\u00e9lyezettek!<\/strong><\/li>\n<li><strong>Azokat a vend\u00e9geket, akik nem megfelel\u0151en viselkednek, vagy nem tartj\u00e1k be a h\u00e1zirendet, azonnali t\u00e1voz\u00e1sra sz\u00f3l\u00edthatjuk fel.<\/strong><\/li>\n<\/ul>\n<ol>\n<li><strong>Biztons\u00e1g<\/strong><\/li>\n<\/ol>\n<ul>\n<li>Mindig z\u00e1rj\u00e1k az ajt\u00f3kat, ablakokat, kaput, gar\u00e1zst!<\/li>\n<li>Vend\u00e9gek fogad\u00e1sa csak a foglal\u00e1s szerinti l\u00e9tsz\u00e1mban enged\u00e9lyezett.<\/li>\n<li>Illeg\u00e1lis tev\u00e9kenys\u00e9gek tilosak, azonnali elt\u00e1vol\u00edt\u00e1st eredm\u00e9nyezhetnek.<\/li>\n<li>Az apartmant olyan \u00e1llapotban k\u00e9rj\u00fck visszaadni, mint amilyenben \u00e1tvett\u00e9k.<\/li>\n<li>Partik, rendezv\u00e9nyek nem enged\u00e9lyezettek!<\/li>\n<li>Az apartmanban csak regisztr\u00e1lt vend\u00e9gek tart\u00f3zkodhatnak.<\/li>\n<li>A kulcsokat ne m\u00e1solja le; az elveszett kulcsokat azonnal jelenteni kell.<\/li>\n<li>K\u00e9rj\u00fck, tarts\u00e1k be a foglal\u00e1sban megadott kijelentkez\u00e9si id\u0151t.<\/li>\n<li>Ne mozgassa a b\u00fatorokat.<\/li>\n<li>Az apartmant ugyanolyan \u00e1llapotban kell elhagyni, mint ahogyan \u00e9rkez\u00e9sekor.<\/li>\n<li>Az illeg\u00e1lis tev\u00e9kenys\u00e9gek szigor\u00faan tilosak, \u00e9s a tart\u00f3zkod\u00e1s azonnali megsz\u00fcntet\u00e9s\u00e9t vonj\u00e1k maguk ut\u00e1n.<\/li>\n<li>K\u00f6sz\u00f6nj\u00fck, hogy betartj\u00e1k a szab\u00e1lyokat, ezzel biztos\u00edtva minden vend\u00e9g kellemes pihen\u00e9s\u00e9t. Kellemes tart\u00f3zkod\u00e1st k\u00edv\u00e1nunk!<\/li>\n<\/ul>\n<\/li>\n<\/ol>\t\t\t\t\t\t\t\t<\/div>\n\t\t\t\t<\/div>\n\t\t\t\t<div class=\"elementor-element elementor-element-cc835cc hidden-text elementor-widget elementor-widget-text-editor\" data-id=\"cc835cc\" data-element_type=\"widget\" data-e-type=\"widget\" id=\"text2\" data-widget_type=\"text-editor.default\">\n\t\t\t\t<div class=\"elementor-widget-container\">\n\t\t\t\t\t\t\t\t\t<h1 style=\"font-style: normal;\"><span style=\"color: #ffffff;\">H\u00e1zirend<\/span><\/h1><ol style=\"font-size: 16px; font-style: normal; font-weight: 400;\"><li style=\"font-size: 16px;\"><p style=\"font-size: 16px;\"><span style=\"font-weight: bold;\">Mandula Apartman P\u00e9cs &#8211; H\u00e1zirend<\/span><\/p><p style=\"font-size: 16px;\">Kedves Vend\u00e9geink!<\/p><p style=\"font-size: 16px;\">Az apartman zavartalan haszn\u00e1lata \u00e9rdek\u00e9ben k\u00e9rj\u00fck, figyelmesen olvass\u00e1k el az al\u00e1bbi szab\u00e1lyokat.<\/p><ol style=\"font-size: 16px;\"><li style=\"font-size: 16px;\"><span style=\"font-weight: bold;\">Doh\u00e1nyz\u00e1s<\/span><\/li><\/ol><ul style=\"font-size: 16px;\"><li style=\"font-size: 16px;\">Az \u00e9p\u00fcleten bel\u00fcl\u00a0<span style=\"font-weight: bold;\">szigor\u00faan tilos<\/span>\u00a0a doh\u00e1nyz\u00e1s \u00e9s a ny\u00edlt l\u00e1ng haszn\u00e1lata.<\/li><\/ul><ol style=\"font-size: 16px;\"><li style=\"font-size: 16px;\"><span style=\"font-weight: bold;\">Az apartman \u00e9s berendez\u00e9seinek haszn\u00e1lata<\/span><\/li><\/ol><ul style=\"font-size: 16px;\"><li style=\"font-size: 16px;\">A berendez\u00e9si t\u00e1rgyakat rendeltet\u00e9sszer\u0171en haszn\u00e1lj\u00e1k!<\/li><li style=\"font-size: 16px;\"><span style=\"font-weight: bold;\">Tilos<\/span>\u00a0a szob\u00e1k berendez\u00e9s\u00e9t (t\u00f6r\u00f6lk\u00f6z\u0151k, pl\u00e9dek, \u00e1gynem\u0171 stb.) az apartmanb\u00f3l kivinni.<\/li><li style=\"font-size: 16px;\">B\u00fatorokat \u00e1trendezni csak a tulajdonos enged\u00e9ly\u00e9vel lehet.<\/li><li style=\"font-size: 16px;\">Az apartman elhagy\u00e1sakor k\u00e9rj\u00fck, ellen\u0151rizz\u00e9k:<ul style=\"font-size: 16px;\"><li style=\"font-size: 16px;\">Kl\u00edma \u00e9s villany\u00a0<span style=\"font-weight: bold;\">kikapcsolva<\/span><\/li><li style=\"font-size: 16px;\">V\u00edzcsapok\u00a0<span style=\"font-weight: bold;\">elz\u00e1rva<\/span><\/li><li style=\"font-size: 16px;\">Kapu, lak\u00e1s, gar\u00e1zs\u00a0<span style=\"font-weight: bold;\">bez\u00e1rva<\/span><\/li><\/ul><\/li><li style=\"font-size: 16px;\">B\u00e1rmilyen meghib\u00e1sod\u00e1st k\u00e9rj\u00fck\u00a0<span style=\"font-weight: bold;\">azonnal<\/span>\u00a0jelezni a sz\u00e1ll\u00e1sad\u00f3 fel\u00e9!<\/li><li style=\"font-size: 16px;\">Az elvesztett kulcsok, t\u00e1vir\u00e1ny\u00edt\u00f3k (TV, kl\u00edma, gar\u00e1zskapu) p\u00f3tl\u00e1si k\u00f6lts\u00e9g\u00e9t a vend\u00e9g k\u00f6teles megt\u00e9r\u00edteni.<\/li><\/ul><ol style=\"font-size: 16px;\"><li style=\"font-size: 16px;\"><span style=\"font-weight: bold;\">\u00c9tkez\u00e9s<\/span><\/li><\/ol><ul style=\"font-size: 16px;\"><li style=\"font-size: 16px;\">Az apartman j\u00f3l felszerelt konyh\u00e1val rendelkezik.<\/li><li style=\"font-size: 16px;\">\u00c9tkez\u00e9s\u00a0<span style=\"font-weight: bold;\">csak a konyh\u00e1ban \u00e9s az \u00e9tkez\u0151ben<\/span>\u00a0enged\u00e9lyezett.<\/li><li style=\"font-size: 16px;\">A mikrohull\u00e1m\u00fa s\u00fct\u0151be\u00a0<span style=\"font-weight: bold;\">ne<\/span>\u00a0tegyenek f\u00e9mtartalm\u00fa t\u00e1rgyakat.<\/li><\/ul><ol style=\"font-size: 16px;\"><li style=\"font-size: 16px;\"><span style=\"font-weight: bold;\">Takar\u00edt\u00e1s<\/span><\/li><\/ol><ul style=\"font-size: 16px;\"><li style=\"font-size: 16px;\">Az apartmant\u00a0<span style=\"font-weight: bold;\">tiszt\u00e1n<\/span>\u00a0adjuk \u00e1t, probl\u00e9m\u00e1t azonnal jelezzenek.<\/li><li style=\"font-size: 16px;\">Tart\u00f3zkod\u00e1s alatt\u00a0<span style=\"font-weight: bold;\">nincs<\/span>\u00a0napi takar\u00edt\u00e1s.<\/li><li style=\"font-size: 16px;\">T\u00e1voz\u00e1skor k\u00e9rj\u00fck,\u00a0<span style=\"font-weight: bold;\">ne hagyjanak szemetet<\/span>\u00a0az apartmanban.<\/li><li style=\"font-size: 16px;\">Lefoly\u00f3kba\u00a0<span style=\"font-weight: bold;\">tilos<\/span>\u00a0dobni: pelenka, eg\u00e9szs\u00e9g\u00fcgyi bet\u00e9t, nedves t\u00f6rl\u0151kend\u0151, \u00e9telmarad\u00e9k!<\/li><li style=\"font-size: 16px;\">Dugul\u00e1selh\u00e1r\u00edt\u00e1s \u00e9s jav\u00edt\u00e1s k\u00f6lts\u00e9ge a vend\u00e9get terheli.<\/li><\/ul><ol style=\"font-size: 16px;\"><li style=\"font-size: 16px;\"><span style=\"font-weight: bold;\">T\u0171zrak\u00e1s, bogr\u00e1csoz\u00e1s, grillez\u00e9s<\/span><\/li><\/ol><ul style=\"font-size: 16px;\"><li style=\"font-size: 16px;\"><span style=\"font-weight: bold;\">T\u0171zrak\u00e1s tilos!<\/span><\/li><li style=\"font-size: 16px;\">Grillez\u00e9s csak a kijel\u00f6lt helyen lehets\u00e9ges.<\/li><\/ul><ol style=\"font-size: 16px;\"><li style=\"font-size: 16px;\"><span style=\"font-weight: bold;\">Szolg\u00e1ltat\u00e1sok<\/span><\/li><\/ol><ul style=\"font-size: 16px;\"><li style=\"font-size: 16px;\"><span style=\"font-weight: bold;\">Parkol\u00e1s<\/span>: ingyenes a gar\u00e1zsban.<\/li><li style=\"font-size: 16px;\"><span style=\"font-weight: bold;\">Wi-Fi:<\/span>: ingyenes, a jelsz\u00f3 az apartmanban tal\u00e1lhat\u00f3.<\/li><li style=\"font-size: 16px;\"><span style=\"font-weight: bold;\">Kl\u00edma<\/span>: h\u0171t\u0151-f\u0171t\u0151 rendszer, a sz\u00e1ll\u00e1sd\u00edj tartalmazza.<\/li><li style=\"font-size: 16px;\"><span style=\"font-weight: bold;\">H\u00e1zi\u00e1llat<\/span>: behozatala\u00a0<span style=\"font-weight: bold;\">nem enged\u00e9lyezett<\/span>.<\/li><li style=\"font-size: 16px;\"><span style=\"font-weight: bold;\">Elektromos j\u00e1rm\u0171vek<\/span>: t\u00f6lt\u00e9s\u00a0<span style=\"font-weight: bold;\">el\u0151zetes egyeztet\u00e9s<\/span>\u00a0alapj\u00e1n, k\u00fcl\u00f6n d\u00edj ellen\u00e9ben lehets\u00e9ges (gyorst\u00f6lt\u0151 nem el\u00e9rhet\u0151).<\/li><\/ul><ol style=\"font-size: 16px;\"><li style=\"font-size: 16px;\"><span style=\"font-weight: bold;\">Tal\u00e1lt t\u00e1rgyak<\/span><\/li><\/ol><ul style=\"font-size: 16px;\"><li style=\"font-size: 16px;\">A szob\u00e1ban hagyott \u00e9rt\u00e9keket\u00a0<span style=\"font-weight: bold;\">2 h\u00f3napig<\/span>\u00a0\u0151rizz\u00fck meg.<\/li><li style=\"font-size: 16px;\">Post\u00e1z\u00e1s csak a postak\u00f6lts\u00e9g megt\u00e9r\u00edt\u00e9se ut\u00e1n lehets\u00e9ges.<\/li><\/ul><ol style=\"font-size: 16px;\"><li style=\"font-size: 16px;\"><span style=\"font-weight: bold;\">Csend \u00e9s szomsz\u00e9dok tisztelete<\/span><\/li><\/ol><ul style=\"font-size: 16px;\"><li style=\"font-size: 16px;\"><span style=\"font-weight: bold;\">22:00 \u00e9s 08:00<\/span>\u00a0\u00f3ra k\u00f6z\u00f6tt tilos hangoskodni, hangosan zen\u00e9lni vagy rendezv\u00e9nyt tartani.<\/li><li style=\"font-size: 16px;\">Az apartman\u00a0<span style=\"font-weight: bold;\">csendes, priv\u00e1t tart\u00f3zkod\u00e1sra<\/span>\u00a0szolg\u00e1l.<\/li><li style=\"font-size: 16px;\"><span style=\"font-weight: bold;\">Partik, rendezv\u00e9nyek nem enged\u00e9lyezettek!<\/span><\/li><\/ul><ol style=\"font-size: 16px;\"><li style=\"font-size: 16px;\"><span style=\"font-weight: bold;\">Biztons\u00e1g<\/span><\/li><\/ol><ul style=\"font-size: 16px;\"><li style=\"font-size: 16px;\">Mindig z\u00e1rj\u00e1k az ajt\u00f3kat, ablakokat, kaput, gar\u00e1zst!\u00a0<span style=\"font-weight: bold;\">z\u00e1rj\u00e1k<\/span>\u00a0az ajt\u00f3kat, ablakokat, kaput, gar\u00e1zst!<\/li><li style=\"font-size: 16px;\">Vend\u00e9gek fogad\u00e1sa csak a foglal\u00e1s szerinti l\u00e9tsz\u00e1mban enged\u00e9lyezett.<\/li><li style=\"font-size: 16px;\"><span style=\"font-weight: bold;\">Illeg\u00e1lis tev\u00e9kenys\u00e9gek tilosak<\/span>, azonnali elt\u00e1vol\u00edt\u00e1st eredm\u00e9nyezhetnek.<\/li><li style=\"font-size: 16px;\">Az apartmant olyan \u00e1llapotban k\u00e9rj\u00fck visszaadni, mint amilyenben \u00e1tvett\u00e9k.<\/li><\/ul><ol style=\"font-size: 16px;\"><li style=\"font-size: 16px;\"><span style=\"font-weight: bold;\">Kijelentkez\u00e9s<\/span><\/li><\/ol><ul style=\"font-size: 16px;\"><li style=\"font-size: 16px;\">K\u00e9rj\u00fck, tarts\u00e1k be a\u00a0<span style=\"font-weight: bold;\">foglal\u00e1sban megadott kijelentkez\u00e9si id\u0151t<\/span>.<\/li><li style=\"font-size: 16px;\">K\u00e9s\u0151i kijelentkez\u00e9s\u00a0<span style=\"font-weight: bold;\">csak el\u0151zetes enged\u00e9llyel<\/span>\u00a0lehets\u00e9ges.<\/li><\/ul><p style=\"font-size: 16px;\"><span style=\"font-weight: bold;\">Fontos tudnival\u00f3k egyed\u00fcl tart\u00f3zkod\u00f3 vend\u00e9geknek<\/span><\/p><ul style=\"font-size: 16px;\"><li style=\"font-size: 16px;\">Ha csak egy vend\u00e9g tart\u00f3zkodik az apartmanban,\u00a0<span style=\"font-weight: bold;\">ki kell v\u00e1lasztania egy h\u00e1l\u00f3szob\u00e1t<\/span>, amelyet haszn\u00e1lni fog.<\/li><li style=\"font-size: 16px;\">A m\u00e1sik h\u00e1l\u00f3szoba z\u00e1rva marad \u00e9s nem haszn\u00e1lhat\u00f3.<\/li><\/ul><p style=\"font-size: 16px;\">K\u00f6sz\u00f6nj\u00fck, hogy betartj\u00e1k a szab\u00e1lyokat, ezzel biztos\u00edtva minden vend\u00e9g kellemes pihen\u00e9s\u00e9t.\u00a0<span style=\"font-weight: bold;\">Kellemes tart\u00f3zkod\u00e1st k\u00edv\u00e1nunk!<\/span><\/p><\/li><\/ol>\t\t\t\t\t\t\t\t<\/div>\n\t\t\t\t<\/div>\n\t\t\t\t\t<\/div>\n\t\t\t\t<\/div>\n\t\t\t\t<\/div>","protected":false},"excerpt":{"rendered":"<p>Select language ENG HU House Rules Mandula Apartman P\u00e9cs &#8211; House Rules Dear Guests! For your comfort and a peaceful [&hellip;]<\/p>","protected":false},"author":1,"featured_media":0,"parent":0,"menu_order":0,"comment_status":"closed","ping_status":"closed","template":"","meta":{"site-sidebar-layout":"no-sidebar","site-content-layout":"","ast-site-content-layout":"full-width-container","site-content-style":"default","site-sidebar-style":"default","ast-global-header-display":"","ast-banner-title-visibility":"","ast-main-header-display":"","ast-hfb-above-header-display":"","ast-hfb-below-header-display":"","ast-hfb-mobile-header-display":"","site-post-title":"disabled","ast-breadcrumbs-content":"","ast-featured-img":"disabled","footer-sml-layout":"","ast-disable-related-posts":"","theme-transparent-header-meta":"","adv-header-id-meta":"","stick-header-meta":"","header-above-stick-meta":"","header-main-stick-meta":"","header-below-stick-meta":"","astra-migrate-meta-layouts":"default","ast-page-background-enabled":"default","ast-page-background-meta":{"desktop":{"background-color":"var(--ast-global-color-5)","background-image":"","background-repeat":"repeat","background-position":"center center","background-size":"auto","background-attachment":"scroll","background-type":"","background-media":"","overlay-type":"","overlay-color":"","overlay-opacity":"","overlay-gradient":""},"tablet":{"background-color":"","background-image":"","background-repeat":"repeat","background-position":"center center","background-size":"auto","background-attachment":"scroll","background-type":"","background-media":"","overlay-type":"","overlay-color":"","overlay-opacity":"","overlay-gradient":""},"mobile":{"background-color":"","background-image":"","background-repeat":"repeat","background-position":"center center","background-size":"auto","background-attachment":"scroll","background-type":"","background-media":"","overlay-type":"","overlay-color":"","overlay-opacity":"","overlay-gradient":""}},"ast-content-background-meta":{"desktop":{"background-color":"var(--ast-global-color-4)","background-image":"","background-repeat":"repeat","background-position":"center center","background-size":"auto","background-attachment":"scroll","background-type":"","background-media":"","overlay-type":"","overlay-color":"","overlay-opacity":"","overlay-gradient":""},"tablet":{"background-color":"var(--ast-global-color-4)","background-image":"","background-repeat":"repeat","background-position":"center center","background-size":"auto","background-attachment":"scroll","background-type":"","background-media":"","overlay-type":"","overlay-color":"","overlay-opacity":"","overlay-gradient":""},"mobile":{"background-color":"var(--ast-global-color-4)","background-image":"","background-repeat":"repeat","background-position":"center center","background-size":"auto","background-attachment":"scroll","background-type":"","background-media":"","overlay-type":"","overlay-color":"","overlay-opacity":"","overlay-gradient":""}},"footnotes":""},"class_list":["post-2835","page","type-page","status-publish","hentry"],"_links":{"self":[{"href":"https:\/\/mandula-apartman.hu\/hu\/wp-json\/wp\/v2\/pages\/2835","targetHints":{"allow":["GET"]}}],"collection":[{"href":"https:\/\/mandula-apartman.hu\/hu\/wp-json\/wp\/v2\/pages"}],"about":[{"href":"https:\/\/mandula-apartman.hu\/hu\/wp-json\/wp\/v2\/types\/page"}],"author":[{"embeddable":true,"href":"https:\/\/mandula-apartman.hu\/hu\/wp-json\/wp\/v2\/users\/1"}],"replies":[{"embeddable":true,"href":"https:\/\/mandula-apartman.hu\/hu\/wp-json\/wp\/v2\/comments?post=2835"}],"version-history":[{"count":5,"href":"https:\/\/mandula-apartman.hu\/hu\/wp-json\/wp\/v2\/pages\/2835\/revisions"}],"predecessor-version":[{"id":2926,"href":"https:\/\/mandula-apartman.hu\/hu\/wp-json\/wp\/v2\/pages\/2835\/revisions\/2926"}],"wp:attachment":[{"href":"https:\/\/mandula-apartman.hu\/hu\/wp-json\/wp\/v2\/media?parent=2835"}],"curies":[{"name":"wp","href":"https:\/\/api.w.org\/{rel}","templated":true}]}}